{"id":252,"date":"2025-11-26T17:31:22","date_gmt":"2025-11-26T17:31:22","guid":{"rendered":"https:\/\/alexarcones.com\/?page_id=252"},"modified":"2025-12-10T07:46:07","modified_gmt":"2025-12-10T07:46:07","slug":"fingers-bcn-escultura-personalizada-by-arfo","status":"publish","type":"page","link":"https:\/\/alexarcones.com\/index.php\/fingers-bcn-escultura-personalizada-by-arfo\/","title":{"rendered":"FINGERS BCN \u2014 Escultura personalizada by Arfo"},"content":{"rendered":"\t\t<div data-elementor-type=\"wp-page\" data-elementor-id=\"252\" class=\"elementor elementor-252\" data-elementor-post-type=\"page\">\n\t\t\t\t\t\t<section class=\"elementor-section elementor-top-section elementor-element elementor-element-5047ccff elementor-section-boxed elementor-section-height-default elementor-section-height-default\" data-id=\"5047ccff\" data-element_type=\"section\" data-e-type=\"section\">\n\t\t\t\t\t\t<div class=\"elementor-container elementor-column-gap-default\">\n\t\t\t\t\t<div class=\"elementor-column elementor-col-100 elementor-top-column elementor-element elementor-element-3d548564\" data-id=\"3d548564\" data-element_type=\"column\" data-e-type=\"column\">\n\t\t\t<div class=\"elementor-widget-wrap elementor-element-populated\">\n\t\t\t\t\t\t<div class=\"elementor-element elementor-element-68e95b43 elementor-widget elementor-widget-text-editor\" data-id=\"68e95b43\" data-element_type=\"widget\" data-e-type=\"widget\" data-widget_type=\"text-editor.default\">\n\t\t\t\t<div class=\"elementor-widget-container\">\n\t\t\t\t\t\t\t\t\t<p><strong><img fetchpriority=\"high\" decoding=\"async\" class=\"alignnone size-medium wp-image-303\" src=\"https:\/\/alexarcones.com\/wp-content\/uploads\/2025\/12\/dit-dutxa-1-225x300.jpg\" alt=\"\" width=\"225\" height=\"300\" srcset=\"https:\/\/alexarcones.com\/wp-content\/uploads\/2025\/12\/dit-dutxa-1-225x300.jpg 225w, https:\/\/alexarcones.com\/wp-content\/uploads\/2025\/12\/dit-dutxa-1-768x1024.jpg 768w, https:\/\/alexarcones.com\/wp-content\/uploads\/2025\/12\/dit-dutxa-1-1152x1536.jpg 1152w, https:\/\/alexarcones.com\/wp-content\/uploads\/2025\/12\/dit-dutxa-1-1536x2048.jpg 1536w, https:\/\/alexarcones.com\/wp-content\/uploads\/2025\/12\/dit-dutxa-1-scaled.jpg 1920w\" sizes=\"(max-width: 225px) 100vw, 225px\" \/><\/strong><\/p>\n<p><strong>Tu dedo convertido en una microescultura en solo 30 minutos.<\/strong><br \/>FINGERS BCN es una experiencia art\u00edstica \u00fanica en Barcelona:<br \/>creo un molde directo de tu dedo y lo transformo en una obra en jesmonite hecha a mano.<\/p>\n<p><!-- \/wp:paragraph --><!-- wp:separator --><\/p>\n<hr class=\"wp-block-separator has-alpha-channel-opacity\" \/>\n<p><!-- \/wp:separator --><!-- wp:gallery {\"linkTo\":\"none\"} --><\/p>\n<figure class=\"wp-block-gallery has-nested-images columns-default is-cropped\"><!-- wp:image {\"id\":259,\"sizeSlug\":\"large\",\"linkDestination\":\"none\"} -->\n<p>\u00a0<\/p>\n<figure class=\"wp-block-image size-large\"><img decoding=\"async\" width=\"968\" height=\"1024\" class=\"wp-image-259\" src=\"https:\/\/alexarcones.com\/wp-content\/uploads\/2025\/11\/20241121_135654-968x1024.jpg\" alt=\"\" srcset=\"https:\/\/alexarcones.com\/wp-content\/uploads\/2025\/11\/20241121_135654-968x1024.jpg 968w, https:\/\/alexarcones.com\/wp-content\/uploads\/2025\/11\/20241121_135654-284x300.jpg 284w, https:\/\/alexarcones.com\/wp-content\/uploads\/2025\/11\/20241121_135654-768x812.jpg 768w, https:\/\/alexarcones.com\/wp-content\/uploads\/2025\/11\/20241121_135654-1452x1536.jpg 1452w, https:\/\/alexarcones.com\/wp-content\/uploads\/2025\/11\/20241121_135654-1936x2048.jpg 1936w\" sizes=\"(max-width: 968px) 100vw, 968px\" \/><\/figure>\n<p><!-- \/wp:image --><!-- wp:image {\"id\":267,\"sizeSlug\":\"large\",\"linkDestination\":\"none\"} --><\/p>\n<figure class=\"wp-block-image size-large\"><img decoding=\"async\" width=\"1024\" height=\"1024\" class=\"wp-image-267\" src=\"https:\/\/alexarcones.com\/wp-content\/uploads\/2025\/11\/20251126_143201-1024x1024.jpg\" alt=\"\" srcset=\"https:\/\/alexarcones.com\/wp-content\/uploads\/2025\/11\/20251126_143201-1024x1024.jpg 1024w, https:\/\/alexarcones.com\/wp-content\/uploads\/2025\/11\/20251126_143201-300x300.jpg 300w, https:\/\/alexarcones.com\/wp-content\/uploads\/2025\/11\/20251126_143201-150x150.jpg 150w, https:\/\/alexarcones.com\/wp-content\/uploads\/2025\/11\/20251126_143201-768x768.jpg 768w, https:\/\/alexarcones.com\/wp-content\/uploads\/2025\/11\/20251126_143201-1536x1536.jpg 1536w, https:\/\/alexarcones.com\/wp-content\/uploads\/2025\/11\/20251126_143201-2048x2048.jpg 2048w\" sizes=\"(max-width: 1024px) 100vw, 1024px\" \/><\/figure>\n<p><!-- \/wp:image --><!-- wp:image {\"id\":274,\"sizeSlug\":\"large\",\"linkDestination\":\"none\"} --><\/p>\n<figure class=\"wp-block-image size-large\"><img loading=\"lazy\" decoding=\"async\" width=\"1024\" height=\"1024\" class=\"wp-image-274\" src=\"https:\/\/alexarcones.com\/wp-content\/uploads\/2025\/11\/PEANA-CIMENT-1024x1024.jpg\" alt=\"\" srcset=\"https:\/\/alexarcones.com\/wp-content\/uploads\/2025\/11\/PEANA-CIMENT-1024x1024.jpg 1024w, https:\/\/alexarcones.com\/wp-content\/uploads\/2025\/11\/PEANA-CIMENT-300x300.jpg 300w, https:\/\/alexarcones.com\/wp-content\/uploads\/2025\/11\/PEANA-CIMENT-150x150.jpg 150w, https:\/\/alexarcones.com\/wp-content\/uploads\/2025\/11\/PEANA-CIMENT-768x768.jpg 768w, https:\/\/alexarcones.com\/wp-content\/uploads\/2025\/11\/PEANA-CIMENT-1536x1536.jpg 1536w, https:\/\/alexarcones.com\/wp-content\/uploads\/2025\/11\/PEANA-CIMENT.jpg 2048w\" sizes=\"(max-width: 1024px) 100vw, 1024px\" \/><\/figure>\n<p><!-- \/wp:image --><\/p>\n<\/figure>\n<p><!-- \/wp:gallery --><!-- wp:paragraph {\"align\":\"center\"} --><\/p>\n<p class=\"has-text-align-center\"><strong>\u00bfC\u00f3mo funciona?<\/strong><\/p>\n<p><!-- \/wp:paragraph --><!-- wp:paragraph {\"align\":\"center\"} --><\/p>\n<p class=\"has-text-align-center\"><strong>1. Reserva tu cita<\/strong><\/p>\n<p><!-- \/wp:paragraph --><!-- wp:paragraph {\"align\":\"center\"} --><\/p>\n<p class=\"has-text-align-center\">Selecciona d\u00eda y hora en el calendario.<br \/>Recibir\u00e1s la confirmaci\u00f3n al instante.<\/p>\n<p><!-- \/wp:paragraph --><!-- wp:paragraph {\"align\":\"center\"} --><\/p>\n<p class=\"has-text-align-center\">Env\u00eda Bizum de 50 eur. a Arfo al +34 676391539<\/p>\n<p><!-- \/wp:paragraph --><!-- wp:paragraph {\"align\":\"center\"} --><\/p>\n<p class=\"has-text-align-center\"><strong>2. Ven al estudio en Barcelona<\/strong><\/p>\n<p><!-- \/wp:paragraph --><!-- wp:paragraph {\"align\":\"center\"} --><\/p>\n<p class=\"has-text-align-center\">El molde del dedo se realiza en 10 minutos.<br \/>Es limpio, seguro y divertido.<\/p>\n<p><!-- \/wp:paragraph --><!-- wp:paragraph {\"align\":\"center\"} --><\/p>\n<p class=\"has-text-align-center\"><strong>3. Espera 30 minutos<\/strong><\/p>\n<p><!-- \/wp:paragraph --><!-- wp:paragraph {\"align\":\"center\"} --><\/p>\n<p class=\"has-text-align-center\">Durante este tiempo creo tu escultura:<br \/>vaciado, fraguado, desmolde, pulido y sellado.<\/p>\n<p><!-- \/wp:paragraph --><!-- wp:paragraph {\"align\":\"center\"} --><\/p>\n<p class=\"has-text-align-center\"><strong>4. Ll\u00e9vate tu obra<\/strong><\/p>\n<p><!-- \/wp:paragraph --><!-- wp:paragraph {\"align\":\"center\"} --><\/p>\n<p class=\"has-text-align-center\">Una microescultura \u00fanica, personalizada, con tu textura y tu gesto real.<br \/>Hecha por Arfo.<\/p>\n<p><!-- \/wp:paragraph --><!-- wp:separator --><\/p>\n<hr class=\"wp-block-separator has-alpha-channel-opacity\" \/>\n<p><!-- \/wp:separator --><!-- wp:columns --><\/p>\n<div class=\"wp-block-columns\">\n<p><!-- wp:column {\"width\":\"100%\"} --><\/p>\n<div class=\"wp-block-column\" style=\"flex-basis: 100%;\">\n<p><!-- wp:gallery {\"linkTo\":\"none\"} --><\/p>\n<figure class=\"wp-block-gallery has-nested-images columns-default is-cropped\"><!-- wp:image {\"id\":261,\"sizeSlug\":\"large\",\"linkDestination\":\"none\"} -->\n<p>\u00a0<\/p>\n<figure class=\"wp-block-image size-large\"><img loading=\"lazy\" decoding=\"async\" width=\"768\" height=\"1024\" class=\"wp-image-261\" src=\"https:\/\/alexarcones.com\/wp-content\/uploads\/2025\/11\/20251126_121859-768x1024.jpg\" alt=\"\" srcset=\"https:\/\/alexarcones.com\/wp-content\/uploads\/2025\/11\/20251126_121859-768x1024.jpg 768w, https:\/\/alexarcones.com\/wp-content\/uploads\/2025\/11\/20251126_121859-225x300.jpg 225w, https:\/\/alexarcones.com\/wp-content\/uploads\/2025\/11\/20251126_121859-1152x1536.jpg 1152w, https:\/\/alexarcones.com\/wp-content\/uploads\/2025\/11\/20251126_121859-1536x2048.jpg 1536w, https:\/\/alexarcones.com\/wp-content\/uploads\/2025\/11\/20251126_121859-scaled.jpg 1920w\" sizes=\"(max-width: 768px) 100vw, 768px\" \/><\/figure>\n<p><!-- \/wp:image --><!-- wp:image {\"id\":260,\"sizeSlug\":\"large\",\"linkDestination\":\"none\"} --><\/p>\n<figure class=\"wp-block-image size-large\"><img loading=\"lazy\" decoding=\"async\" width=\"1006\" height=\"1024\" class=\"wp-image-260\" src=\"https:\/\/alexarcones.com\/wp-content\/uploads\/2025\/11\/20251126_122010-1006x1024.jpg\" alt=\"\" srcset=\"https:\/\/alexarcones.com\/wp-content\/uploads\/2025\/11\/20251126_122010-1006x1024.jpg 1006w, https:\/\/alexarcones.com\/wp-content\/uploads\/2025\/11\/20251126_122010-295x300.jpg 295w, https:\/\/alexarcones.com\/wp-content\/uploads\/2025\/11\/20251126_122010-768x782.jpg 768w, https:\/\/alexarcones.com\/wp-content\/uploads\/2025\/11\/20251126_122010-1509x1536.jpg 1509w, https:\/\/alexarcones.com\/wp-content\/uploads\/2025\/11\/20251126_122010-2012x2048.jpg 2012w\" sizes=\"(max-width: 1006px) 100vw, 1006px\" \/><\/figure>\n<p><!-- \/wp:image --><!-- wp:image {\"id\":264,\"sizeSlug\":\"large\",\"linkDestination\":\"none\"} --><\/p>\n<figure class=\"wp-block-image size-large\"><img loading=\"lazy\" decoding=\"async\" width=\"1024\" height=\"1024\" class=\"wp-image-264\" src=\"https:\/\/alexarcones.com\/wp-content\/uploads\/2025\/11\/20251126_143216-1024x1024.jpg\" alt=\"\" srcset=\"https:\/\/alexarcones.com\/wp-content\/uploads\/2025\/11\/20251126_143216-1024x1024.jpg 1024w, https:\/\/alexarcones.com\/wp-content\/uploads\/2025\/11\/20251126_143216-300x300.jpg 300w, https:\/\/alexarcones.com\/wp-content\/uploads\/2025\/11\/20251126_143216-150x150.jpg 150w, https:\/\/alexarcones.com\/wp-content\/uploads\/2025\/11\/20251126_143216-768x768.jpg 768w, https:\/\/alexarcones.com\/wp-content\/uploads\/2025\/11\/20251126_143216-1536x1536.jpg 1536w, https:\/\/alexarcones.com\/wp-content\/uploads\/2025\/11\/20251126_143216-2048x2048.jpg 2048w\" sizes=\"(max-width: 1024px) 100vw, 1024px\" \/><\/figure>\n<p><!-- \/wp:image --><!-- wp:image {\"id\":265,\"sizeSlug\":\"large\",\"linkDestination\":\"none\"} --><\/p>\n<figure class=\"wp-block-image size-large\"><img loading=\"lazy\" decoding=\"async\" width=\"1024\" height=\"1024\" class=\"wp-image-265\" src=\"https:\/\/alexarcones.com\/wp-content\/uploads\/2025\/11\/20251126_145539-1024x1024.jpg\" alt=\"\" srcset=\"https:\/\/alexarcones.com\/wp-content\/uploads\/2025\/11\/20251126_145539-1024x1024.jpg 1024w, https:\/\/alexarcones.com\/wp-content\/uploads\/2025\/11\/20251126_145539-300x300.jpg 300w, https:\/\/alexarcones.com\/wp-content\/uploads\/2025\/11\/20251126_145539-150x150.jpg 150w, https:\/\/alexarcones.com\/wp-content\/uploads\/2025\/11\/20251126_145539-768x768.jpg 768w, https:\/\/alexarcones.com\/wp-content\/uploads\/2025\/11\/20251126_145539-1536x1536.jpg 1536w, https:\/\/alexarcones.com\/wp-content\/uploads\/2025\/11\/20251126_145539-2048x2048.jpg 2048w\" sizes=\"(max-width: 1024px) 100vw, 1024px\" \/><\/figure>\n<p><!-- \/wp:image --><!-- wp:image {\"id\":266,\"sizeSlug\":\"large\",\"linkDestination\":\"none\"} --><\/p>\n<figure class=\"wp-block-image size-large\"><img loading=\"lazy\" decoding=\"async\" width=\"1024\" height=\"1024\" class=\"wp-image-266\" src=\"https:\/\/alexarcones.com\/wp-content\/uploads\/2025\/11\/20251126_123257-1024x1024.jpg\" alt=\"\" srcset=\"https:\/\/alexarcones.com\/wp-content\/uploads\/2025\/11\/20251126_123257-1024x1024.jpg 1024w, https:\/\/alexarcones.com\/wp-content\/uploads\/2025\/11\/20251126_123257-300x300.jpg 300w, https:\/\/alexarcones.com\/wp-content\/uploads\/2025\/11\/20251126_123257-150x150.jpg 150w, https:\/\/alexarcones.com\/wp-content\/uploads\/2025\/11\/20251126_123257-768x768.jpg 768w, https:\/\/alexarcones.com\/wp-content\/uploads\/2025\/11\/20251126_123257-1536x1536.jpg 1536w, https:\/\/alexarcones.com\/wp-content\/uploads\/2025\/11\/20251126_123257-2048x2048.jpg 2048w\" sizes=\"(max-width: 1024px) 100vw, 1024px\" \/><\/figure>\n<p><!-- \/wp:image --><!-- wp:image {\"id\":267,\"sizeSlug\":\"large\",\"linkDestination\":\"none\"} --><\/p>\n<figure class=\"wp-block-image size-large\"><img decoding=\"async\" width=\"1024\" height=\"1024\" class=\"wp-image-267\" src=\"https:\/\/alexarcones.com\/wp-content\/uploads\/2025\/11\/20251126_143201-1024x1024.jpg\" alt=\"\" srcset=\"https:\/\/alexarcones.com\/wp-content\/uploads\/2025\/11\/20251126_143201-1024x1024.jpg 1024w, https:\/\/alexarcones.com\/wp-content\/uploads\/2025\/11\/20251126_143201-300x300.jpg 300w, https:\/\/alexarcones.com\/wp-content\/uploads\/2025\/11\/20251126_143201-150x150.jpg 150w, https:\/\/alexarcones.com\/wp-content\/uploads\/2025\/11\/20251126_143201-768x768.jpg 768w, https:\/\/alexarcones.com\/wp-content\/uploads\/2025\/11\/20251126_143201-1536x1536.jpg 1536w, https:\/\/alexarcones.com\/wp-content\/uploads\/2025\/11\/20251126_143201-2048x2048.jpg 2048w\" sizes=\"(max-width: 1024px) 100vw, 1024px\" \/><\/figure>\n<p><!-- \/wp:image --><\/p>\n<\/figure>\n<p><!-- \/wp:gallery --><\/p>\n<\/div>\n<p><!-- \/wp:column --><\/p>\n<\/div>\n<p><!-- \/wp:columns --><!-- wp:paragraph --><\/p>\n<p><strong>Opciones de acabado:<\/strong><\/p>\n<p><!-- \/wp:paragraph --><!-- wp:list --><\/p>\n<ul class=\"wp-block-list\">\n<li style=\"list-style-type: none;\">\n<ul class=\"wp-block-list\"><!-- wp:list-item --><\/ul>\n<\/li>\n<\/ul>\n<ul>\n<li style=\"list-style-type: none;\">\n<ul class=\"wp-block-list\">\n<li>Piel natural<\/li>\n<li>Blanco mate<\/li>\n<li>Oro<\/li>\n<li>Bronce<\/li>\n<li>Resina transparente<\/li>\n<li>Ediciones especiales pintadas a mano<\/li>\n<\/ul>\n<\/li>\n<\/ul>\n<p><!-- \/wp:list-item --><!-- wp:list-item --><\/p>\n<ul class=\"wp-block-list\">\n<li style=\"list-style-type: none;\">\u00a0<\/li>\n<\/ul>\n<p><!-- \/wp:list-item --><\/p>\n<p><!-- \/wp:list --><!-- wp:paragraph --><\/p>\n<p><strong>Precios <\/strong>(reserva 50 euros para la personalizaci\u00f3n)<strong>:<\/strong><\/p>\n<p><!-- \/wp:paragraph --><!-- wp:list --><\/p>\n<ul class=\"wp-block-list\">\n<li style=\"list-style-type: none;\">\n<ul class=\"wp-block-list\"><!-- wp:list-item --><\/ul>\n<\/li>\n<\/ul>\n<p>\u00a0<\/p>\n<ul class=\"wp-block-list\">\n<li style=\"list-style-type: none;\">\n<ul class=\"wp-block-list\">\n<li><strong>Escultura b\u00e1sica (blanco mate o piel natural):<\/strong> 100 \u20ac<\/li>\n<\/ul>\n<\/li>\n<\/ul>\n<p><!-- \/wp:list-item --><!-- wp:list-item --><\/p>\n<ul class=\"wp-block-list\">\n<li style=\"list-style-type: none;\">\n<ul class=\"wp-block-list\">\n<li><strong>Edici\u00f3n art\u00edstica \/ acabados premium:<\/strong> 130\u2013150 \u20ac<\/li>\n<\/ul>\n<\/li>\n<\/ul>\n<p><!-- \/wp:list-item --><!-- wp:list-item --><\/p>\n<ul class=\"wp-block-list\">\n<li style=\"list-style-type: none;\">\n<ul class=\"wp-block-list\">\n<li><strong>Duo (dos copias b\u00e1sicas del mismo molde):<\/strong> 170 \u20ac<\/li>\n<\/ul>\n<\/li>\n<\/ul>\n<p><!-- \/wp:list-item --><!-- wp:list-item --><\/p>\n<ul class=\"wp-block-list\">\n<li style=\"list-style-type: none;\">\n<ul class=\"wp-block-list\">\n<li><strong>A\u00f1ade base o soporte para cristal ba\u00f1o:<\/strong> 40 eur<\/li>\n<\/ul>\n<\/li>\n<\/ul>\n<p><!-- \/wp:list-item --><\/p>\n<p><!-- \/wp:list --><!-- wp:paragraph --><\/p>\n<p><strong>Duraci\u00f3n total<\/strong><\/p>\n<p><!-- \/wp:paragraph --><!-- wp:paragraph --><\/p>\n<p>30\u201340 minutos<br \/><em>(Molde + elaboraci\u00f3n + entrega el mismo d\u00eda)<\/em><\/p>\n<p><!-- \/wp:paragraph --><!-- wp:separator --><\/p>\n<hr class=\"wp-block-separator has-alpha-channel-opacity\" \/>\n<p><!-- \/wp:separator --><!-- wp:paragraph --><\/p>\n<p><!-- \/wp:paragraph --><!-- wp:gallery {\"linkTo\":\"none\"} --><\/p>\n<figure class=\"wp-block-gallery has-nested-images columns-default is-cropped\"><\/figure>\n<p><!-- \/wp:gallery --><!-- wp:paragraph --><\/p>\n<p><strong>Reserva aqu\u00ed tu d\u00eda y hora para hacer la personalizaci\u00f3n de tu escultura:<\/strong><\/p>\n<p><!-- \/wp:paragraph --><!-- wp:html --><\/p>\n<div class=\"calendly-inline-widget\" style=\"min-width: 320px; height: 700px;\" data-url=\"https:\/\/calendly.com\/arconesalex\/fingers\">\u00a0<\/div>\n<p><script type=\"text\/javascript\" src=\"https:\/\/assets.calendly.com\/assets\/external\/widget.js\" async=\"\"><\/script><\/p>\n<p><!-- \/wp:html --><!-- wp:paragraph --><\/p>\n<p><strong>Hecho a mano \u2014 Hecho en Barcelona \u2014 Hecho por Arfo<\/strong><\/p>\n<p><!-- \/wp:paragraph --><\/p>\t\t\t\t\t\t\t\t<\/div>\n\t\t\t\t<\/div>\n\t\t\t\t<div class=\"elementor-element elementor-element-124778e elementor-widget elementor-widget-image\" data-id=\"124778e\" data-element_type=\"widget\" data-e-type=\"widget\" data-widget_type=\"image.default\">\n\t\t\t\t<div class=\"elementor-widget-container\">\n\t\t\t\t\t\t\t\t\t\t\t\t\t\t\t<img loading=\"lazy\" decoding=\"async\" width=\"1024\" height=\"768\" src=\"https:\/\/alexarcones.com\/wp-content\/uploads\/2025\/11\/20250228_124000-1024x768.jpg\" class=\"attachment-large size-large wp-image-271\" alt=\"\" srcset=\"https:\/\/alexarcones.com\/wp-content\/uploads\/2025\/11\/20250228_124000-1024x768.jpg 1024w, https:\/\/alexarcones.com\/wp-content\/uploads\/2025\/11\/20250228_124000-300x225.jpg 300w, https:\/\/alexarcones.com\/wp-content\/uploads\/2025\/11\/20250228_124000-768x576.jpg 768w, https:\/\/alexarcones.com\/wp-content\/uploads\/2025\/11\/20250228_124000-1536x1152.jpg 1536w, https:\/\/alexarcones.com\/wp-content\/uploads\/2025\/11\/20250228_124000-2048x1536.jpg 2048w\" sizes=\"(max-width: 1024px) 100vw, 1024px\" \/>\t\t\t\t\t\t\t\t\t\t\t\t\t\t\t<\/div>\n\t\t\t\t<\/div>\n\t\t\t\t\t<\/div>\n\t\t<\/div>\n\t\t\t\t\t<\/div>\n\t\t<\/section>\n\t\t\t\t<section class=\"elementor-section elementor-top-section elementor-element elementor-element-a1a3856 elementor-section-boxed elementor-section-height-default elementor-section-height-default\" data-id=\"a1a3856\" data-element_type=\"section\" data-e-type=\"section\">\n\t\t\t\t\t\t<div class=\"elementor-container elementor-column-gap-default\">\n\t\t\t\t\t<div class=\"elementor-column elementor-col-100 elementor-top-column elementor-element elementor-element-0fa42b1\" data-id=\"0fa42b1\" data-element_type=\"column\" data-e-type=\"column\">\n\t\t\t<div class=\"elementor-widget-wrap\">\n\t\t\t\t\t\t\t<\/div>\n\t\t<\/div>\n\t\t\t\t\t<\/div>\n\t\t<\/section>\n\t\t\t\t<\/div>\n\t\t","protected":false},"excerpt":{"rendered":"<p>Tu dedo convertido en una microescultura en solo 30 minutos.FINGERS BCN es una experiencia art\u00edstica \u00fanica en Barcelona:creo un molde [&hellip;]<\/p>\n","protected":false},"author":1,"featured_media":0,"parent":0,"menu_order":0,"comment_status":"closed","ping_status":"closed","template":"","meta":{"site-sidebar-layout":"default","site-content-layout":"","ast-site-content-layout":"default","site-content-style":"default","site-sidebar-style":"default","ast-global-header-display":"","ast-banner-title-visibility":"","ast-main-header-display":"","ast-hfb-above-header-display":"","ast-hfb-below-header-display":"","ast-hfb-mobile-header-display":"","site-post-title":"","ast-breadcrumbs-content":"","ast-featured-img":"","footer-sml-layout":"","theme-transparent-header-meta":"","adv-header-id-meta":"","stick-header-meta":"","header-above-stick-meta":"","header-main-stick-meta":"","header-below-stick-meta":"","astra-migrate-meta-layouts":"default","ast-page-background-enabled":"default","ast-page-background-meta":{"desktop":{"background-color":"var(--ast-global-color-4)","background-image":"","background-repeat":"repeat","background-position":"center center","background-size":"auto","background-attachment":"scroll","background-type":"","background-media":"","overlay-type":"","overlay-color":"","overlay-opacity":"","overlay-gradient":""},"tablet":{"background-color":"","background-image":"","background-repeat":"repeat","background-position":"center center","background-size":"auto","background-attachment":"scroll","background-type":"","background-media":"","overlay-type":"","overlay-color":"","overlay-opacity":"","overlay-gradient":""},"mobile":{"background-color":"","background-image":"","background-repeat":"repeat","background-position":"center center","background-size":"auto","background-attachment":"scroll","background-type":"","background-media":"","overlay-type":"","overlay-color":"","overlay-opacity":"","overlay-gradient":""}},"ast-content-background-meta":{"desktop":{"background-color":"var(--ast-global-color-5)","background-image":"","background-repeat":"repeat","background-position":"center center","background-size":"auto","background-attachment":"scroll","background-type":"","background-media":"","overlay-type":"","overlay-color":"","overlay-opacity":"","overlay-gradient":""},"tablet":{"background-color":"var(--ast-global-color-5)","background-image":"","background-repeat":"repeat","background-position":"center center","background-size":"auto","background-attachment":"scroll","background-type":"","background-media":"","overlay-type":"","overlay-color":"","overlay-opacity":"","overlay-gradient":""},"mobile":{"background-color":"var(--ast-global-color-5)","background-image":"","background-repeat":"repeat","background-position":"center center","background-size":"auto","background-attachment":"scroll","background-type":"","background-media":"","overlay-type":"","overlay-color":"","overlay-opacity":"","overlay-gradient":""}},"footnotes":""},"class_list":["post-252","page","type-page","status-publish","hentry"],"_links":{"self":[{"href":"https:\/\/alexarcones.com\/index.php\/wp-json\/wp\/v2\/pages\/252","targetHints":{"allow":["GET"]}}],"collection":[{"href":"https:\/\/alexarcones.com\/index.php\/wp-json\/wp\/v2\/pages"}],"about":[{"href":"https:\/\/alexarcones.com\/index.php\/wp-json\/wp\/v2\/types\/page"}],"author":[{"embeddable":true,"href":"https:\/\/alexarcones.com\/index.php\/wp-json\/wp\/v2\/users\/1"}],"replies":[{"embeddable":true,"href":"https:\/\/alexarcones.com\/index.php\/wp-json\/wp\/v2\/comments?post=252"}],"version-history":[{"count":24,"href":"https:\/\/alexarcones.com\/index.php\/wp-json\/wp\/v2\/pages\/252\/revisions"}],"predecessor-version":[{"id":321,"href":"https:\/\/alexarcones.com\/index.php\/wp-json\/wp\/v2\/pages\/252\/revisions\/321"}],"wp:attachment":[{"href":"https:\/\/alexarcones.com\/index.php\/wp-json\/wp\/v2\/media?parent=252"}],"curies":[{"name":"wp","href":"https:\/\/api.w.org\/{rel}","templated":true}]}}